{"id":736,"date":"2023-06-23T20:59:31","date_gmt":"2023-06-23T18:59:31","guid":{"rendered":"http:\/\/46.38.245.89\/?page_id=736"},"modified":"2025-05-11T14:07:42","modified_gmt":"2025-05-11T12:07:42","slug":"probe","status":"publish","type":"page","link":"https:\/\/spielmannszug-steinheim.de\/?page_id=736","title":{"rendered":"Proben"},"content":{"rendered":"\t\t<div data-elementor-type=\"wp-page\" data-elementor-id=\"736\" class=\"elementor elementor-736\">\n\t\t\t\t\t\t<section class=\"elementor-section elementor-top-section elementor-element elementor-element-8e57fd6 elementor-section-boxed elementor-section-height-default elementor-section-height-default\" data-id=\"8e57fd6\" data-element_type=\"section\" data-e-type=\"section\">\n\t\t\t\t\t\t<div class=\"elementor-container elementor-column-gap-default\">\n\t\t\t\t\t<div class=\"elementor-column elementor-col-50 elementor-top-column elementor-element elementor-element-549977f\" data-id=\"549977f\" data-element_type=\"column\" data-e-type=\"column\">\n\t\t\t<div class=\"elementor-widget-wrap elementor-element-populated\">\n\t\t\t\t\t\t<div class=\"elementor-element elementor-element-fadf77d elementor-widget__width-initial elementor-widget elementor-widget-text-editor\" data-id=\"fadf77d\" data-element_type=\"widget\" data-e-type=\"widget\" data-widget_type=\"text-editor.default\">\n\t\t\t\t<div class=\"elementor-widget-container\">\n\t\t\t\t\t\t\t\t\t<h4><span style=\"text-decoration: underline; color: #008000;\"><strong>Proben:<\/strong><\/span><\/h4><p><span style=\"color: #008000;\">Unsere Proben finden\u00a0<strong>jeden Montag<\/strong>\u00a0im evangelischen Jugendheim statt.<\/span><\/p><h4><span style=\"text-decoration: underline; color: #008000;\"><strong>Ablauf:<\/strong><\/span><\/h4><p><span style=\"color: #008000;\">Unsere Probe wird in\u00a0<strong>zwei<\/strong>\u00a0Abschnitte unterteilt.<\/span><\/p><p><span style=\"color: #008000;\">Im <strong>ersten<\/strong> Abschnitt, der um 18:15 Uhr beginnt, erhalten unsere Neulinge eine Einf\u00fchrung in ihre Instrumente. Au\u00dferdem werden hier erste St\u00fccke einge\u00fcbt, die im zweiten Abschnitt gespielt werden. Damit dies gelingt, werden die Musiker\/-innen gem\u00e4\u00df ihrem Kenntnisstand und ihren Instrumenten in separaten R\u00e4umen aufgeteilt. Dabei stehen ihnen bereits ausgebildete Musiker\/-innen zur Seite, die Hilfestellungen geben.<\/span><\/p><p><span style=\"color: #008000;\">Im <strong>zweiten<\/strong> Abschnitt, der um 19:00 Uhr beginnt, werden die erlernten St\u00fccke gemeinsam gespielt. Dar\u00fcber hinaus bietet dieser Abschnitt die M\u00f6glichkeit, das Marschieren zu \u00fcben und sich gegenseitig auszutauschen. Zum Abschluss der Probe werden noch organisatorische Angelegenheiten besprochen.<\/span><\/p><p>\u00a0<\/p>\t\t\t\t\t\t\t\t<\/div>\n\t\t\t\t<\/div>\n\t\t\t\t\t<\/div>\n\t\t<\/div>\n\t\t\t\t<div class=\"elementor-column elementor-col-50 elementor-top-column elementor-element elementor-element-2f70069\" data-id=\"2f70069\" data-element_type=\"column\" data-e-type=\"column\">\n\t\t\t<div class=\"elementor-widget-wrap elementor-element-populated\">\n\t\t\t\t\t\t<div class=\"elementor-element elementor-element-d279365 elementor-widget__width-initial elementor-widget elementor-widget-google_maps\" data-id=\"d279365\" data-element_type=\"widget\" data-e-type=\"widget\" data-widget_type=\"google_maps.default\">\n\t\t\t\t<div class=\"elementor-widget-container\">\n\t\t\t\t\t\t\t<div class=\"elementor-custom-embed\">\n\t\t\t<iframe loading=\"lazy\"\n\t\t\t\t\tsrc=\"https:\/\/maps.google.com\/maps?q=Pyrmonter%20Str.%209%2C%2032839%20Steinheim&#038;t=m&#038;z=15&#038;output=embed&#038;iwloc=near\"\n\t\t\t\t\ttitle=\"Pyrmonter Str. 9, 32839 Steinheim\"\n\t\t\t\t\taria-label=\"Pyrmonter Str. 9, 32839 Steinheim\"\n\t\t\t><\/iframe>\n\t\t<\/div>\n\t\t\t\t\t\t<\/div>\n\t\t\t\t<\/div>\n\t\t\t\t\t<\/div>\n\t\t<\/div>\n\t\t\t\t\t<\/div>\n\t\t<\/section>\n\t\t\t\t<\/div>\n\t\t","protected":false},"excerpt":{"rendered":"<p>Proben: Unsere Proben finden\u00a0jeden Montag\u00a0im evangelischen Jugendheim statt. Ablauf: Unsere Probe wird in\u00a0zwei\u00a0Abschnitte unterteilt. Im ersten Abschnitt, der um 18:15 Uhr beginnt, erhalten unsere Neulinge eine Einf\u00fchrung in ihre Instrumente. Au\u00dferdem werden hier erste St\u00fccke einge\u00fcbt, die im zweiten Abschnitt gespielt werden. Damit dies gelingt, werden die Musiker\/-innen gem\u00e4\u00df ihrem Kenntnisstand und ihren Instrumenten in [&hellip;]<\/p>\n","protected":false},"author":1,"featured_media":0,"parent":0,"menu_order":0,"comment_status":"closed","ping_status":"closed","template":"","meta":{"footnotes":""},"class_list":["post-736","page","type-page","status-publish","hentry"],"_links":{"self":[{"href":"https:\/\/spielmannszug-steinheim.de\/index.php?rest_route=\/wp\/v2\/pages\/736","targetHints":{"allow":["GET"]}}],"collection":[{"href":"https:\/\/spielmannszug-steinheim.de\/index.php?rest_route=\/wp\/v2\/pages"}],"about":[{"href":"https:\/\/spielmannszug-steinheim.de\/index.php?rest_route=\/wp\/v2\/types\/page"}],"author":[{"embeddable":true,"href":"https:\/\/spielmannszug-steinheim.de\/index.php?rest_route=\/wp\/v2\/users\/1"}],"replies":[{"embeddable":true,"href":"https:\/\/spielmannszug-steinheim.de\/index.php?rest_route=%2Fwp%2Fv2%2Fcomments&post=736"}],"version-history":[{"count":3,"href":"https:\/\/spielmannszug-steinheim.de\/index.php?rest_route=\/wp\/v2\/pages\/736\/revisions"}],"predecessor-version":[{"id":1467,"href":"https:\/\/spielmannszug-steinheim.de\/index.php?rest_route=\/wp\/v2\/pages\/736\/revisions\/1467"}],"wp:attachment":[{"href":"https:\/\/spielmannszug-steinheim.de\/index.php?rest_route=%2Fwp%2Fv2%2Fmedia&parent=736"}],"curies":[{"name":"wp","href":"https:\/\/api.w.org\/{rel}","templated":true}]}}